{"id":523,"date":"2023-03-17T22:43:05","date_gmt":"2023-03-17T20:43:05","guid":{"rendered":"https:\/\/fonduri-structurale.eu\/?page_id=523"},"modified":"2023-03-22T22:14:15","modified_gmt":"2023-03-22T20:14:15","slug":"politica-confidentialitate","status":"publish","type":"page","link":"https:\/\/fonduri-structurale.eu\/?page_id=523","title":{"rendered":"Politica Confidentialitate"},"content":{"rendered":"<div id=\"tdi_1\" class=\"tdc-zone\"><div class=\"tdc_zone tdi_2  wpb_row td-pb-row\"  >\n<style scoped>\n\n\/* custom css *\/\n.tdi_2{\r\n                    min-height: 0;\r\n                }\n<\/style><div id=\"tdi_3\" class=\"tdc-row\"><div class=\"vc_row tdi_4  wpb_row td-pb-row\" >\n<style scoped>\n\n\/* custom css *\/\n.tdi_4,\r\n                .tdi_4 .tdc-columns{\r\n                    min-height: 0;\r\n                }.tdi_4,\r\n\t\t\t\t.tdi_4 .tdc-columns{\r\n\t\t\t\t    display: block;\r\n\t\t\t\t}.tdi_4 .tdc-columns{\r\n\t\t\t\t    width: 100%;\r\n\t\t\t\t}\n<\/style><div class=\"vc_column tdi_6  wpb_column vc_column_container tdc-column td-pb-span12\">\n<style scoped>\n\n\/* custom css *\/\n.tdi_6{\r\n                    vertical-align: baseline;\r\n                }.tdi_6 > .wpb_wrapper,\r\n\t\t\t\t.tdi_6 > .wpb_wrapper > .tdc-elements{\r\n\t\t\t\t    display: block;\r\n\t\t\t\t}.tdi_6 > .wpb_wrapper > .tdc-elements{\r\n\t\t\t\t    width: 100%;\r\n\t\t\t\t}.tdi_6 > .wpb_wrapper > .vc_row_inner{\r\n\t\t\t\t    width: auto;\r\n\t\t\t\t}.tdi_6 > .wpb_wrapper{\r\n\t\t\t\t    width: auto;\r\n\t\t\t\t    height: auto;\r\n\t\t\t\t}\n<\/style><div class=\"wpb_wrapper\" ><\/div><\/div><\/div><\/div><div id=\"tdi_7\" class=\"tdc-row\"><div class=\"vc_row tdi_8  wpb_row td-pb-row\" >\n<style scoped>\n\n\/* custom css *\/\n.tdi_8,\r\n                .tdi_8 .tdc-columns{\r\n                    min-height: 0;\r\n                }.tdi_8,\r\n\t\t\t\t.tdi_8 .tdc-columns{\r\n\t\t\t\t    display: block;\r\n\t\t\t\t}.tdi_8 .tdc-columns{\r\n\t\t\t\t    width: 100%;\r\n\t\t\t\t}\n<\/style><div class=\"vc_column tdi_10  wpb_column vc_column_container tdc-column td-pb-span12\">\n<style scoped>\n\n\/* custom css *\/\n.tdi_10{\r\n                    vertical-align: baseline;\r\n                }.tdi_10 > .wpb_wrapper,\r\n\t\t\t\t.tdi_10 > .wpb_wrapper > .tdc-elements{\r\n\t\t\t\t    display: block;\r\n\t\t\t\t}.tdi_10 > .wpb_wrapper > .tdc-elements{\r\n\t\t\t\t    width: 100%;\r\n\t\t\t\t}.tdi_10 > .wpb_wrapper > .vc_row_inner{\r\n\t\t\t\t    width: auto;\r\n\t\t\t\t}.tdi_10 > .wpb_wrapper{\r\n\t\t\t\t    width: auto;\r\n\t\t\t\t    height: auto;\r\n\t\t\t\t}\n<\/style><div class=\"wpb_wrapper\" ><div class=\"td_block_wrap td_block_text_with_title tdi_11 tagdiv-type td-pb-border-top td_block_template_1\"  data-td-block-uid=\"tdi_11\" >\n<style>\n\n\/* inline tdc_css att *\/\n\n.tdi_11{\nmargin-top:90px !important;\n}\n\n\/* portrait *\/\n@media (min-width: 768px) and (max-width: 1018px)\n{\n.tdi_11{\nmargin-top:60px !important;\n}\n}\n\n\/* landscape *\/\n@media (min-width: 1019px) and (max-width: 1140px)\n{\n.tdi_11{\nmargin-top:60px !important;\n}\n}\n\n<\/style>\n<style>\n\/* custom css *\/\n.td_block_text_with_title{\r\n                  margin-bottom: 44px;\r\n                  -webkit-transform: translateZ(0);\r\n                  transform: translateZ(0);\r\n                }.td_block_text_with_title p:last-child{\r\n                  margin-bottom: 0;\r\n                }\n<\/style><div class=\"td-block-title-wrap\"><\/div><div class=\"td_mod_wrap td-fix-index\"><p><strong>Politica de Confiden\u021bialitate<\/strong><\/p>\n<p>Cine suntem<\/p>\n<p>Adresa website-ului nostru este: https:\/\/fonduri-structurale.eu\/<\/p>\n<p>Ce date personale colect\u0103m \u0219i de ce le colect\u0103m<\/p>\n<p>Este posibil s\u0103 ne oferim informa\u021bii personale \u00eentr-o varietate de moduri, inclusiv prin contactarea dvs., pe Site, prin e-mail sau prin alt\u0103 coresponden\u021b\u0103 \u0219i prin ter\u021bi. Folosim informa\u021bii personale \u00een scopurile prev\u0103zute de prezenta politic\u0103 \u0219i \u00een conformitate cu legisla\u021bia \u00een vigoare. \u00cen general, folosim informa\u021bii personale pentru urm\u0103toarele:<\/p>\n<ol>\n<li>Pentru a v\u0103 oferi serviciile \u0219i produsele pe care le-a\u021bi selectat sau achizi\u021bionat;<\/li>\n<li>transmiterii de oferte, mesaje publicitare \u015fi de marketing cu privire la companie sau website;<\/li>\n<li>Transmiterii de formulare de satisfac\u021bie in urma comenzilor, sau de control a calit\u0103\u021bii;<\/li>\n<li>Pentru a v\u0103 trimite oferte de v\u00e2nzare pe care credem c\u0103 le ve\u021bi g\u0103si de interes;<\/li>\n<li>Pentru a \u00eembun\u0103t\u0103\u021bi \u00een\u021belegerea pie\u021bei noastre \u0219i pentru a \u00eembun\u0103t\u0103\u021bi produsele \u0219i serviciile pe care le oferim.<\/li>\n<\/ol>\n<p>Comentarii<\/p>\n<p>Atunci c\u00e2nd vizitatorii posteaz\u0103 comentarii pe site, colect\u0103m datele afi\u0219ate \u00een formularul de comentarii, precum \u0219i adresa IP a vizitatorului \u0219i userul pentru a ajuta la detectarea spamului. Un \u0219ir anonimizat creat de la adresa dvs. de e-mail (denumit \u0219i hash) poate fi furnizat serviciului Gravatar pentru a vedea dac\u0103 \u00eel utiliza\u021bi. Politica de confiden\u021bialitate a serviciului Gravatar este disponibil\u0103 aici: https:\/\/automattic.com\/privacy\/. Dup\u0103 aprobarea comentariului t\u0103u, poza ta de profil este vizibil\u0103 publicului \u00een contextul comentariului t\u0103u.<\/p>\n<p>Media<\/p>\n<p>Dac\u0103 \u00eenc\u0103rca\u021bi imagini pe site-ul web, ar trebui s\u0103 evita\u021bi \u00eenc\u0103rcarea de imagini cu date de loca\u021bie \u00eencorporate (GPS EXIF) incluse. Vizitatorii site-ului web pot desc\u0103rca \u0219i extrage orice date despre loca\u021bie din imaginile de pe site.<\/p>\n<p>Formulare de contact<\/p>\n<p>Datele cu caracter personal sunt capturate atunci c\u00e2nd cineva trimite un formular de contact pentru a ne contacta, dar nu utiliza\u021bi informa\u021biile transmise prin intermediul acestora \u00een scopuri de marketing.<\/p>\n<p>Cookie-uri<\/p>\n<p>\u201cCookies\u201d. Cookie-urile sunt identificatori alfanumerici pe care noi \u0219i furnizorii no\u0219tri de servicii le putem planta pe computerul dvs., mobil sau alt dispozitiv care ne permite s\u0103 identific\u0103m browserul sau dispozitivul dvs. web c\u00e2nd reveni\u021bi pe Site \u0219i \/ sau c\u00e2nd utiliza\u021bi acela\u0219i computer sau browser. Cookie-urile permit sistemelor noastre s\u0103 v\u0103 recunoasc\u0103 browserul, astfel \u00eenc\u00e2t s\u0103 putem urm\u0103ri tendin\u021bele dvs. de utilizare pe Site, s\u0103 \u00eembun\u0103t\u0103\u021bim calitatea serviciilor noastre, s\u0103 cre\u0103m o experien\u021b\u0103 de utilizator personalizat\u0103 pe Site \u0219i s\u0103 v\u0103 facem publicitate produselor \u00eentr-un mod cat mai eficient. Browserul dvs. v\u0103 poate oferi posibilitatea de a bloca sau \u0219terge cookie-uri dac\u0103 dori\u021bi s\u0103 face\u021bi acest lucru. V\u0103 rug\u0103m s\u0103 consulta\u021bi meniul \u201eAjutor\u201d din browser pentru mai multe informa\u021bii. V\u0103 rug\u0103m s\u0103 re\u021bine\u021bi c\u0103 blocarea tuturor cookie-urilor va avea un impact negativ asupra utiliz\u0103rii multor site-uri web, inclusiv a noastr\u0103. Prin urmare, v\u0103 recomand\u0103m s\u0103 permite\u021bi utilizarea cookie-urilor atunci c\u00e2nd utiliza\u021bi site-urile noastre web. Cookie-urile de pe site-ul nostru web pot fi setate de noi, de c\u0103tre ter\u021bi contracta\u021bi cu noi sau de ter\u021bi independen\u021bi, cum ar fi agen\u021bii de publicitate. Cookie-urile plasate pe computerul dvs. ca urmare a utiliz\u0103rii site-ului nostru nu vor fi niciodat\u0103 stocate mai mult de 24 de luni de la data ultimei vizite.<\/p>\n<p>Dac\u0103 l\u0103sa\u021bi un comentariu pe site-ul nostru, pute\u021bi opta pentru a v\u0103 salva numele, adresa de e-mail \u0219i site-ul \u00een cookie-uri. Acestea sunt pentru confortul dvs., astfel \u00eenc\u00e2t nu trebuie s\u0103 completa\u021bi din nou datele dvs. c\u00e2nd l\u0103sa\u021bi un alt comentariu. Aceste cookie-uri vor dura un an.<\/p>\n<p>Dac\u0103 vizita\u021bi pagina noastr\u0103 de conectare, vom seta un cookie temporar pentru a stabili dac\u0103 browserul dvs. accept\u0103 cookie-uri. Acest cookie nu con\u021bine date personale \u0219i este aruncat la \u00eenchiderea browserului.<\/p>\n<p>C\u00e2nd v\u0103 autentifica\u021bi, vom configura, de asemenea, mai multe cookie-uri pentru a v\u0103 salva informa\u021biile de conectare \u0219i op\u021biunile afi\u0219ate pe ecran. Cookie-urile de conectare dureaz\u0103 dou\u0103 zile, iar cookie-urile cu op\u021biuni de ecran dureaz\u0103 un an. Dac\u0103 selecta\u021bi \u201cAminti\u021bi-v\u0103 de mine\u201d, autentificarea dvs. va persista dou\u0103 s\u0103pt\u0103m\u00e2ni. Dac\u0103 v\u0103 deconecta\u021bi din cont, cookie-urile de conectare vor fi eliminate.<\/p>\n<p>Dac\u0103 edita\u021bi sau publica\u021bi un articol, un cookie suplimentar va fi salvat \u00een browserul dvs. Acest cookie nu include date personale \u0219i indic\u0103 pur \u0219i simplu ID-ul post\u0103rii articolului pe care tocmai l-a\u021bi editat. Expira dupa 1 zi.<\/p>\n<p>Pentru mai multe informatii va rugam sa consulati pagina de\u00a0<a href=\"https:\/\/cursuri-online.ro\/politica-cookie-urilor\/\">politica a cookie-urilor<\/a>.<\/p>\n<p>Con\u021binut \u00eencorporat de pe alte site-uri web<\/p>\n<p>Articolele de pe acest site pot include con\u021binut \u00eencorporat (de exemplu, videoclipuri, imagini, articole etc.). Con\u021binutul \u00eencorporat de pe alte site-uri web se comport\u0103 exact ca \u0219i cum vizitatorul ar fi vizitat cel\u0103lalt site.<\/p>\n<p>Aceste site-uri web pot s\u0103 colecteze date despre dvs., s\u0103 utilizeze cookie-uri, s\u0103 includ\u0103 urm\u0103rirea suplimentar\u0103 a ter\u021bilor \u0219i s\u0103 monitorizeze interac\u021biunea dvs. cu acel con\u021binut \u00eencorporat, inclusiv urm\u0103rirea interac\u021biunii dvs. cu con\u021binutul \u00eencorporat, dac\u0103 ave\u021bi un cont \u0219i sunte\u021bi conectat la site-ul respectiv.<\/p>\n<p>Analitice<\/p>\n<p>Cu cine partajam datele dvs.<\/p>\n<p>Ne lu\u0103m confiden\u021bialitatea clien\u021bilor foarte \u00een serios \u0219i\u00a0nu\u00a0vindem, \u00eenchiriem sau furnizam informa\u021bii personale de identificare ter\u021bilor, cu excep\u021bia modului descris \u00een aceast\u0103 Politic\u0103 de confiden\u021bialitate. Nu vom partaja informa\u021biile personale generate ca urmare a unei tranzac\u021bii cu alte servicii f\u0103r\u0103 consim\u021b\u0103m\u00e2ntul dumneavoastr\u0103 expres sau primirea instruc\u021biunilor dvs. pentru a face acest lucru, cu excep\u021bia cazului \u00een care aceast\u0103 divulgare este necesar\u0103 \u00een opinia noastr\u0103 pentru a efectua oricare dintre urm\u0103toarele: (1) s\u0103 respecte orice instruc\u021biune dat\u0103 ca parte a unei proceduri legale, inclusiv, f\u0103r\u0103 a se limita la, cita\u021bii la proceduri civile \u0219i penale, ordine judec\u0103toreasc\u0103 \u0219i \/ sau dezv\u0103luire obligatorie ca r\u0103spuns la cererea entit\u0103\u021bilor guvernamentale, autorit\u0103\u021bi \u0219i \/ sau agen\u021bii; (2) aplicarea termenilor acestei Politici de confiden\u021bialitate, a Termenilor de utilizare sau a oric\u0103rui alt acord dintre noi \u0219i dumneavoastr\u0103; (3) s\u0103 furnizeze solu\u021bii legate de servicii pentru clien\u021bi; (4) s\u0103 raporteze consilierului legal (dac\u0103 exist\u0103); sau (5) pentru a proteja drepturile, proprietatea sau securitatea personal\u0103 a fonduri-structurale.eu<span class=\"Apple-converted-space\">\u00a0 <\/span>a clien\u021bilor s\u0103i sau a publicului larg. F\u0103r\u0103 a ne deroga de la generalitatea men\u021bionat\u0103 anterior \u0219i la discre\u021bia noastr\u0103, putem furniza ter\u021bilor, inclusiv poten\u021bialilor agen\u021bi de publicitate de pe Site, anumite informa\u021bii care nu sunt personale cu privire la utilizarea Serviciului, \u00een diverse scopuri.<\/p>\n<p>Faptul c\u0103 Serviciul face leg\u0103turi cu alte site-uri sau servicii sau prezint\u0103 un banner sau o alt\u0103 form\u0103 de reclam\u0103, nu trebuie interpretat ca o aprobare sau aprobare de c\u0103tre noi a unui astfel de ter\u021b \u0219i nu constituie o declara\u021bie a vreunei forme de afiliere cu un astfel de ter\u021b. Dac\u0103 face\u021bi clic pe un link c\u0103tre un site sau serviciu al unei ter\u021be p\u0103r\u021bi, inclusiv o reclam\u0103, ve\u021bi p\u0103r\u0103si Site-ul sau Serviciile pe care le utiliza\u021bi \u0219i vor fi transferate pe un astfel de site sau serviciu ter\u021b. Site-urile \u0219i serviciile ter\u021bilor pot planta \u201ecookie-uri\u201d sau alte dispozitive pe computerul sau dispozitivul mobil \u0219i pot colecta informa\u021bii personale de la dvs. Alte site-uri \u0219i servicii sunt reglementate de termeni care difer\u0103 de al nostru \u00een ceea ce prive\u0219te colectarea \u0219i \/ sau dezv\u0103luirea informa\u021biilor personale pe care le furniza\u021bi. \u00centruc\u00e2t nu putem controla astfel de activit\u0103\u021bi ale unor ter\u021bi, nu vom fi responsabili pentru nicio utilizare a informa\u021biilor dvs. personale de c\u0103tre ter\u021bi \u0219i nu v\u0103 garant\u0103m c\u0103 respect\u0103 politicile de confiden\u021bialitate \u0219i men\u021bine m\u0103suri de securitate similare cu ale noastre. Prin urmare, v\u0103 recomand\u0103m s\u0103 citi\u021bi politicile de confiden\u021bialitate, condi\u021biile de utilizare \u0219i declara\u021biile de astfel de site-uri \u0219i servicii ter\u021be pe care le vizita\u021bi \u00eenainte de a le furniza informa\u021bii personale.<\/p>\n<p>C\u00e2t timp v\u0103 p\u0103str\u0103m datele<\/p>\n<p>Dac\u0103 l\u0103sa\u021bi un comentariu, comentariul \u0219i metadatele sale sunt p\u0103strate nelimitat. Astfel putem recunoa\u0219te \u0219i aproba orice comentarii de urm\u0103rire \u00een mod automat \u00een loc s\u0103 le p\u0103str\u0103m \u00eentr-o coad\u0103 de modera\u021bie.<\/p>\n<p>Pentru utilizatorii care se \u00eenregistreaz\u0103 pe site-ul nostru (dac\u0103 exist\u0103), stoc\u0103m \u0219i informa\u021biile personale pe care le furnizeaz\u0103 \u00een profilul lor de utilizator. To\u021bi utilizatorii pot vedea, edita sau \u0219terge informa\u021biile personale \u00een orice moment (cu excep\u021bia faptului c\u0103 nu \u00ee\u0219i pot schimba numele de utilizator). Administratorii site-ului web pot vedea \u0219i edita informa\u021biile respective.<\/p>\n<p>Ce drepturi ai asupra datelor tale<\/p>\n<p>Ave\u021bi dreptul s\u0103 ne solicita\u021bi o copie a informa\u021biilor dvs. personale; pentru a corecta, \u0219terge sau restric\u021biona procesarea informa\u021biilor dvs. personale; \u0219i pentru a ob\u021bine informa\u021biile personale pe care ni le-a\u021bi furnizat \u00eentr-un format structurat, care poate fi citit automat. \u00cen plus, v\u0103 pute\u021bi opune prelucr\u0103rii informa\u021biilor dvs. personale \u00een anumite circumstan\u021be (\u00een special, atunci c\u00e2nd nu trebuie s\u0103 prelucr\u0103m datele pentru a r\u0103spunde unei cerin\u021be contractuale sau de alt\u0103 natur\u0103 legal\u0103). Acolo unde v-am solicitat consim\u021b\u0103m\u00e2ntul, pute\u021bi retrage consim\u021b\u0103m\u00e2ntul \u00een orice moment. Dac\u0103 solicita\u021bi s\u0103 v\u0103 retrage\u021bi consim\u021b\u0103m\u00e2ntul pentru a prelucra datele dvs., acest lucru nu va afecta nicio prelucrare care a avut loc deja la acel moment. Aceste drepturi pot fi limitate, de exemplu dac\u0103 \u00eendeplinirea solicit\u0103rii dvs. ar dezv\u0103lui date personale despre o alt\u0103 persoan\u0103 sau dac\u0103 ne solicita\u021bi s\u0103 \u0219tergem informa\u021bii care ni se solicit\u0103 prin lege sau avem interese legitime obligatorii de p\u0103strat. Dac\u0103 ave\u021bi probleme nerezolvate, ave\u021bi dreptul de a v\u0103 adresa unei autorit\u0103\u021bi de protec\u021bie a datelor.<\/p>\n<p>Dac\u0103 ave\u021bi un cont pe acest site sau a\u021bi l\u0103sat comentarii, pute\u021bi solicita s\u0103 primi\u021bi un fi\u0219ier exportat cu datele personale pe care le de\u021binem despre dvs., inclusiv orice date pe care ni le-a\u021bi furnizat. De asemenea, pute\u021bi solicita s\u0103 \u0219tergem orice date cu caracter personal pe care le de\u021binem despre dvs. Aceasta nu include date pe care suntem obliga\u021bi s\u0103 le p\u0103str\u0103m \u00een scopuri administrative, legale sau de securitate.<\/p>\n<p>Unde \u00ee\u021bi trimitem datele<\/p>\n<p>Comentariile vizitatorilor pot fi verificate printr-un serviciu automat de detectare a spamului. Legea european\u0103 privind protec\u021bia datelor prevede ca datele despre reziden\u021bii europeni transfera\u021bi \u00een afara Uniunii Europene s\u0103 fie protejate la acelea\u0219i standarde ca \u0219i \u00een cazul \u00een care datele ar fi \u00een Europa, de aceea website-ul nostru este g\u0103zduit pe servere localizate pe teritoriul Romaniei.<\/p>\n<p>Putem transfera informa\u021biile dvs. c\u0103tre ter\u021bi care ne ofer\u0103 servicii, inclusiv \u00eentre\u021binerea web \u0219i verificarea informa\u021biilor. Aceste ter\u021be p\u0103r\u021bi vor avea acces la informa\u021bii limitate care sunt necesare pentru prestarea serviciilor lor \u0219i nu \u00een alt scop.<\/p>\n<p>Informatii contact<\/p>\n<p>Pentru a v\u0103 exercita drepturile sau dac\u0103 ave\u021bi \u00eentreb\u0103ri cu privire la practicile noastre de confiden\u021bialitate sau ave\u021bi nevoie de asisten\u021b\u0103 pentru exercitarea sau \u00een\u021belegerea alegerilor dvs. de confiden\u021bialitate, v\u0103 rug\u0103m s\u0103 contacta\u021bi responsabilul nostru pentru protec\u021bia datelor prin <a href=\"mailto:proiecte@merlinbc.ro\">proiecte@merlinbc.ro<\/a>.<\/p>\n<\/div><\/div><\/div><\/div><\/div><\/div><\/div><\/div>","protected":false},"excerpt":{"rendered":"","protected":false},"author":2,"featured_media":0,"parent":0,"menu_order":0,"comment_status":"closed","ping_status":"closed","template":"","meta":{"_eb_attr":"","ub_ctt_via":"","footnotes":""},"class_list":["post-523","page","type-page","status-publish"],"featured_image_src":null,"_links":{"self":[{"href":"https:\/\/fonduri-structurale.eu\/index.php?rest_route=\/wp\/v2\/pages\/523","targetHints":{"allow":["GET"]}}],"collection":[{"href":"https:\/\/fonduri-structurale.eu\/index.php?rest_route=\/wp\/v2\/pages"}],"about":[{"href":"https:\/\/fonduri-structurale.eu\/index.php?rest_route=\/wp\/v2\/types\/page"}],"author":[{"embeddable":true,"href":"https:\/\/fonduri-structurale.eu\/index.php?rest_route=\/wp\/v2\/users\/2"}],"replies":[{"embeddable":true,"href":"https:\/\/fonduri-structurale.eu\/index.php?rest_route=%2Fwp%2Fv2%2Fcomments&post=523"}],"version-history":[{"count":4,"href":"https:\/\/fonduri-structurale.eu\/index.php?rest_route=\/wp\/v2\/pages\/523\/revisions"}],"predecessor-version":[{"id":662,"href":"https:\/\/fonduri-structurale.eu\/index.php?rest_route=\/wp\/v2\/pages\/523\/revisions\/662"}],"wp:attachment":[{"href":"https:\/\/fonduri-structurale.eu\/index.php?rest_route=%2Fwp%2Fv2%2Fmedia&parent=523"}],"curies":[{"name":"wp","href":"https:\/\/api.w.org\/{rel}","templated":true}]}}